{"id":3433,"date":"2012-06-27T10:43:48","date_gmt":"2012-06-27T10:43:48","guid":{"rendered":"http:\/\/themes.devatic.com\/daisho\/?page_id=3433"},"modified":"2025-12-03T14:00:26","modified_gmt":"2025-12-03T14:00:26","slug":"portfolio","status":"publish","type":"page","link":"https:\/\/www.arstubiedriba.lv\/gadabalvamedicina\/","title":{"rendered":"BALSO\u0160ANA"},"content":{"rendered":"<h5 style=\"text-align: center;\">Balso par izcil\u0101kajiem vesel\u012bbas apr\u016bpes speci\u0101listiem 2025. gad\u0101!<\/h5>\n<p><span style=\"color: dark grey;\"><br \/>\n<strong>Aicin\u0101m j\u016bs nobalsot par, j\u016bsupr\u0101t, lab\u0101ko vesel\u012bbas apr\u016bpes speci\u0101listu 2025. gad\u0101! Balsojums notiek desmit nomin\u0101cij\u0101s \u2013 \u201cGada \u0123imenes \u0101rsts 2025\u201d, \u201cGada \u0101rsts speci\u0101lists 2025\u201d, \u201cGada zob\u0101rsts 2025\u201d, \u201cGada \u0101rsta pal\u012bgs 2025\u201d, \u201cGada farmaceits 2025\u201d, \u201cGada m\u0101sa 2025\u201d, \u201cGada m\u0101sas pal\u012bgs 2025\u201d, \u201cGada vecm\u0101te 2025\u201d un \u201cGada funkcion\u0101lais speci\u0101lists 2025\u201d, \u201cGada slimn\u012bca 2025\u201d<\/strong>.<br \/>\n<\/span><\/p>\n<p><span style=\"color: dark grey;\"><br \/>\n<strong>K\u0101 piedal\u012bties balso\u0161an\u0101?<\/strong><\/span><br \/>\n<span style=\"color: dark grey;\"><br \/>\n<strong>1. Izv\u0113lieties nomin\u0101ciju.<\/strong><br \/>\nPiem\u0113ram, \u201cGada \u0101rsts speci\u0101lists 2025\u201d, un nobalsojiet par savu acu \u0101rstu, \u0137irurgu vai kardiologu, nor\u0101dot pamatojumu, k\u0101p\u0113c tie\u0161i \u0161is speci\u0101lists ir peln\u012bjis augsto apbalvojumu.<\/span><br \/>\n<span style=\"color: dark grey;\"><br \/>\n<strong>2. Prec\u012bzi nor\u0101diet izv\u0113l\u0113to nomin\u0101ciju un speci\u0101lista jomu.<\/strong><br \/>\nJa v\u0113laties balsot par savu fizioterapeitu, ergoterapeitu vai audiologop\u0113du, j\u0101izv\u0113las nomin\u0101cija \u201cGada funkcion\u0101lais speci\u0101lists 2025\u201d. L\u016bdzu \u0146emiet v\u0113r\u0101, ka balsojums netiks ieskait\u012bts, ja, piem\u0113ram, farmaceita v\u0101rdu ierakst\u012bsiet nomin\u0101cij\u0101 \u201cGada m\u0101sa\u201d.<br \/>\n<\/span><br \/>\n<span style=\"color: dark grey;\"><br \/>\n<strong>3. Varat balsot vair\u0101k\u0101s nomin\u0101cij\u0101s!<\/strong><br \/>\nIzsakiet atzin\u012bbu savam \u0123imenes \u0101rstam, zob\u0101rstam, vecm\u0101tei, m\u0101sai, m\u0101sas pal\u012bgam, \u0101rsta pal\u012bgam un farmaceitam. Neaizmirstiet nobalsot ar\u012b par \u201cGada slimn\u012bcu 2025\u201d.<br \/>\n<\/span><br \/>\n<span style=\"color: dark grey;;\"><br \/>\n<strong>Balso\u0161anas noteikumi<\/strong><br \/>\n<\/span><br \/>\n<span style=\"color: dark grey;\">\u00a4 Balsojiet m\u0101jaslap\u0101: <a href=\"https:\/\/www.arstubiedriba.lv\/gadabalvamedicina\/\">www.arstubiedriba.lv\/gadabalvamedicina\/<\/a><\/span><br \/>\n<span style=\"color: dark grey;\">\u00a4 No vienas IP adreses par katru nomin\u0101ciju iesp\u0113jams balsot vienu reizi ned\u0113\u013c\u0101.<\/span><br \/>\n<span style=\"color: dark grey;\">\u00a4 Balso\u0161ana atv\u0113rta l\u012bdz 2026. gada 8. febru\u0101rim.<\/span><br \/>\n<span style=\"color: dark grey;\"><a href=\"https:\/\/www.arstubiedriba.lv\/wp-content\/uploads\/2024\/11\/GadaBalvaMedicina_Nolikums_2024.doc\" target=\"_blank\">Balso\u0161anas noteikumi<\/a><\/span><br \/>\n<span style=\"color: dark grey;\"><br \/>\nPaldies par j\u016bsu atsauc\u012bbu!<br \/>\nGodin\u0101sim kop\u0101 Latvijas izcil\u0101kos medi\u0137us un vesel\u012bbas apr\u016bpes iest\u0101des!<br \/>\n<\/span><\/p>\n","protected":false},"excerpt":{"rendered":"<p>Balso par izcil\u0101kajiem vesel\u012bbas apr\u016bpes speci\u0101listiem 2025. gad\u0101! Aicin\u0101m j\u016bs nobalsot par, j\u016bsupr\u0101t, lab\u0101ko vesel\u012bbas apr\u016bpes speci\u0101listu 2025. gad\u0101! Balsojums notiek desmit nomin\u0101cij\u0101s \u2013 \u201cGada \u0123imenes \u0101rsts 2025\u201d, \u201cGada \u0101rsts speci\u0101lists 2025\u201d, \u201cGada zob\u0101rsts 2025\u201d, \u201cGada \u0101rsta pal\u012bgs 2025\u201d, \u201cGada farmaceits 2025\u201d, \u201cGada m\u0101sa 2025\u201d, \u201cGada m\u0101sas pal\u012bgs 2025\u201d, \u201cGada vecm\u0101te 2025\u201d un \u201cGada funkcion\u0101lais speci\u0101lists 2025\u201d, \u201cGada slimn\u012bca 2025\u201d. K\u0101 piedal\u012bties balso\u0161an\u0101? 1. Izv\u0113lieties nomin\u0101ciju. Piem\u0113ram, \u201cGada \u0101rsts speci\u0101lists 2025\u201d, un nobalsojiet par savu acu \u0101rstu, \u0137irurgu vai kardiologu,&#8230;<\/p>\n","protected":false},"author":1,"featured_media":0,"parent":0,"menu_order":0,"comment_status":"closed","ping_status":"closed","template":"template-portfolio.php","meta":[],"_links":{"self":[{"href":"https:\/\/www.arstubiedriba.lv\/gadabalvamedicina\/wp-json\/wp\/v2\/pages\/3433"}],"collection":[{"href":"https:\/\/www.arstubiedriba.lv\/gadabalvamedicina\/wp-json\/wp\/v2\/pages"}],"about":[{"href":"https:\/\/www.arstubiedriba.lv\/gadabalvamedicina\/wp-json\/wp\/v2\/types\/page"}],"author":[{"embeddable":true,"href":"https:\/\/www.arstubiedriba.lv\/gadabalvamedicina\/wp-json\/wp\/v2\/users\/1"}],"replies":[{"embeddable":true,"href":"https:\/\/www.arstubiedriba.lv\/gadabalvamedicina\/wp-json\/wp\/v2\/comments?post=3433"}],"version-history":[{"count":76,"href":"https:\/\/www.arstubiedriba.lv\/gadabalvamedicina\/wp-json\/wp\/v2\/pages\/3433\/revisions"}],"predecessor-version":[{"id":4522,"href":"https:\/\/www.arstubiedriba.lv\/gadabalvamedicina\/wp-json\/wp\/v2\/pages\/3433\/revisions\/4522"}],"wp:attachment":[{"href":"https:\/\/www.arstubiedriba.lv\/gadabalvamedicina\/wp-json\/wp\/v2\/media?parent=3433"}],"curies":[{"name":"wp","href":"https:\/\/api.w.org\/{rel}","templated":true}]}}