{"id":31,"date":"2009-11-16T21:45:45","date_gmt":"2009-11-16T19:45:45","guid":{"rendered":"http:\/\/themes.devatic.com\/daisho\/?page_id=18"},"modified":"2024-11-22T14:13:24","modified_gmt":"2024-11-22T14:13:24","slug":"contact","status":"publish","type":"page","link":"https:\/\/www.arstubiedriba.lv\/gadabalvamedicina\/contact\/","title":{"rendered":""},"content":{"rendered":"<div class=\"grid_6\">\n<address style=\"pargin-left:20px;color:white;\">\n<h3><em>LATVIJAS \u0100RSTU BIEDR\u012aBA<\/em><\/h3>\n<p>Skolas iela 3, R\u012bga, LV-1010<br \/>\nT\u0101lr. +371 67220661<br \/>\nE-pasts: lab@arstubiedriba.lv<br \/>\nwww.arstubiedriba.lv<\/p>\n<p>\nFacebook: <a href=:\"https:\/\/www.facebook.com\/arstubiedriba\">@arstubiedriba<\/a><br \/>\nLinkedIn: <a href=:\"https:\/\/www.linkedin.com\/company\/arstubiedriba\">@arstubiedriba<\/a><br \/>\nInstagram:  <a href=:\"https:\/\/www.instagram.com\/latvijasarstubiedriba\">@latijasarstubiedriba<\/a><br \/>\nTikTok:  <a href=:\"https:\/\/www.tiktok.com\/@arstubiedriba\">@arstubiedriba<\/a>\n<\/div>\n<\/address>\n<div class=\"grid_6 last\">\n<iframe loading=\"lazy\" src=\"https:\/\/www.google.com\/maps\/embed?pb=!1m18!1m12!1m3!1d2175.6114945428935!2d24.11584401093381!3d56.95545723590146!2m3!1f0!2f0!3f0!3m2!1i1024!2i768!4f13.1!3m3!1m2!1s0x46eecfce4f92835b%3A0x927c7b465dbf1092!2sLATVIJAS+%C4%80RSTU+BIEDR%C4%AABA!5e0!3m2!1slv!2slv!4v1480418272449\" width=\"600\" height=\"450\" frameborder=\"0\" style=\"border:0\" allowfullscreen><\/iframe><\/div>\n<\/div>\n","protected":false},"excerpt":{"rendered":"<p>LATVIJAS \u0100RSTU BIEDR\u012aBA Skolas iela 3, R\u012bga, LV-1010 T\u0101lr. +371 67220661 E-pasts: lab@arstubiedriba.lv www.arstubiedriba.lv Facebook: @arstubiedriba LinkedIn: @arstubiedriba Instagram: @latijasarstubiedriba TikTok: @arstubiedriba<\/p>\n","protected":false},"author":1,"featured_media":0,"parent":0,"menu_order":0,"comment_status":"closed","ping_status":"closed","template":"","meta":[],"_links":{"self":[{"href":"https:\/\/www.arstubiedriba.lv\/gadabalvamedicina\/wp-json\/wp\/v2\/pages\/31"}],"collection":[{"href":"https:\/\/www.arstubiedriba.lv\/gadabalvamedicina\/wp-json\/wp\/v2\/pages"}],"about":[{"href":"https:\/\/www.arstubiedriba.lv\/gadabalvamedicina\/wp-json\/wp\/v2\/types\/page"}],"author":[{"embeddable":true,"href":"https:\/\/www.arstubiedriba.lv\/gadabalvamedicina\/wp-json\/wp\/v2\/users\/1"}],"replies":[{"embeddable":true,"href":"https:\/\/www.arstubiedriba.lv\/gadabalvamedicina\/wp-json\/wp\/v2\/comments?post=31"}],"version-history":[{"count":10,"href":"https:\/\/www.arstubiedriba.lv\/gadabalvamedicina\/wp-json\/wp\/v2\/pages\/31\/revisions"}],"predecessor-version":[{"id":4440,"href":"https:\/\/www.arstubiedriba.lv\/gadabalvamedicina\/wp-json\/wp\/v2\/pages\/31\/revisions\/4440"}],"wp:attachment":[{"href":"https:\/\/www.arstubiedriba.lv\/gadabalvamedicina\/wp-json\/wp\/v2\/media?parent=31"}],"curies":[{"name":"wp","href":"https:\/\/api.w.org\/{rel}","templated":true}]}}